{"id":105,"date":"2024-03-19T10:13:55","date_gmt":"2024-03-19T10:13:55","guid":{"rendered":"https:\/\/taxonxx.usal.es\/?page_id=105"},"modified":"2024-07-04T09:45:34","modified_gmt":"2024-07-04T09:45:34","slug":"comites","status":"publish","type":"page","link":"https:\/\/taxonxx.usal.es\/en\/comites\/","title":{"rendered":"Committees and organization"},"content":{"rendered":"<!DOCTYPE html><br \/>\n<html lang=\"en\"><br \/>\n<head><br \/>\n<!-- Google tag (gtag.js) --><br \/>\n<script async src=\"https:\/\/www.googletagmanager.com\/gtag\/js?id=G-XHV6DR0G2M\"><\/script><br \/>\n<script>\n  window.dataLayer = window.dataLayer || [];\n  function gtag(){dataLayer.push(arguments);}\n  gtag('js', new Date());<\/p>\n<p>  gtag('config', 'G-XHV6DR0G2M');\n<\/script><br \/>\n    <title>Committees and organization<\/title><\/p>\n<style>\n        :root {\n            --color-primary: #d22020; \/* V\u00edtor Red *\/\n            --color-secondary: #385e9d; \/* VIII Centenary Blue *\/\n            --color-accent: #4D4D4D; \/* Aluminum Grey *\/\n        }\n        body {\n            display: flex;\n            flex-direction: column;\n            min-height: 100vh;\n            margin: 0; \/* Reset default margin *\/\n        }\n        .content {\n            padding: 1em;\n            color: var(--color-accent);\n        }\n        .content h1 {\n            color: var(--color-primary);\n            font-family: Lato, sans-serif;\n        }\n        .content h2 {\n            color: var(--color-secondary);\n            font-family: Lato, sans-serif;\n        }\n        .content p,\n        .content li {\n            font-family: Lato, sans-serif;\n        }\n    section {\n        margin-bottom: 40px; \n    }\n        p {\n        text-align: justify;\n        }\n    <\/style>\n<p><script type=\"text\/javascript\">\n    (function(c,l,a,r,i,t,y){\n        c[a]=c[a]||function(){(c[a].q=c[a].q||[]).push(arguments)};\n        t=l.createElement(r);t.async=1;t.src=\"https:\/\/www.clarity.ms\/tag\/\"+i;\n        y=l.getElementsByTagName(r)[0];y.parentNode.insertBefore(t,y);\n    })(window, document, \"clarity\", \"script\", \"lz5di410g1\");\n<\/script><br \/>\n<\/head><br \/>\n<body><\/p>\n<div class=\"content\">\n<section>\n<h1>Committees<\/h1>\n<h2>Scientific Committee<\/h2>\n<p>            The scientific committee is composed of the following members of the Spanish Society of Microbiology:<\/p>\n<ul>\n<li><strong>Jes\u00fas L\u00f3pez Romalde.<\/strong> University of Santiago<\/li>\n<li><strong>David Ruiz Arahal.<\/strong> University of Valencia<\/li>\n<li><strong>Cristina S\u00e1nchez Porro.<\/strong> University of Seville<\/li>\n<li><strong>Margarita Aguilera G\u00f3mez.<\/strong> University of Granada<\/li>\n<li><strong>Martha E. Trujillo.<\/strong> University of Salamanca<\/li>\n<li><strong>Margarita Gomila.<\/strong> University of the Balearic Islands<\/li>\n<li><strong>Ana Isabel Vela Alonso.<\/strong> Universidad Complutense de Madrid<\/li>\n<\/ul>\n<\/section>\n<section>\n<h2>Organizing Committee<\/h2>\n<p>            The local organizing committee is composed of the following members of the Spanish Society of Microbiology and the University of Salamanca:<\/p>\n<ul>\n<li><strong>Martha E. Trujillo<\/strong><\/li>\n<li><strong>Maite Ort\u00fazar<\/strong><\/li>\n<li><strong>Ra\u00fal Riesco<\/strong><\/li>\n<li><strong>Andr\u00e9s Alonso<\/strong><\/li>\n<li><strong>V\u00edctor Formariz<\/strong><\/li>\n<li><strong>Jhon Alexander Suescun<\/strong><\/li>\n<li><strong>Ariana Reina<\/strong><\/li>\n<\/ul>\n<\/section><\/div>\n<p><\/body><br \/>\n<\/html><br \/>","protected":false},"excerpt":{"rendered":"<p>Committees and organization Committees Scientific Committee The scientific committee is composed of the following members of the Spanish Society of Microbiology: Jes\u00fas L\u00f3pez Romalde. University of Santiago David Ruiz Arahal. University of Valencia Cristina S\u00e1nchez Porro. University of Seville Margarita &hellip; <a href=\"https:\/\/taxonxx.usal.es\/en\/comites\/\">Continued<\/a><\/p>\n","protected":false},"author":196,"featured_media":0,"parent":0,"menu_order":0,"comment_status":"closed","ping_status":"closed","template":"","meta":{"footnotes":""},"class_list":["post-105","page","type-page","status-publish","hentry"],"aioseo_notices":[],"_links":{"self":[{"href":"https:\/\/taxonxx.usal.es\/en\/wp-json\/wp\/v2\/pages\/105","targetHints":{"allow":["GET"]}}],"collection":[{"href":"https:\/\/taxonxx.usal.es\/en\/wp-json\/wp\/v2\/pages"}],"about":[{"href":"https:\/\/taxonxx.usal.es\/en\/wp-json\/wp\/v2\/types\/page"}],"author":[{"embeddable":true,"href":"https:\/\/taxonxx.usal.es\/en\/wp-json\/wp\/v2\/users\/196"}],"replies":[{"embeddable":true,"href":"https:\/\/taxonxx.usal.es\/en\/wp-json\/wp\/v2\/comments?post=105"}],"version-history":[{"count":24,"href":"https:\/\/taxonxx.usal.es\/en\/wp-json\/wp\/v2\/pages\/105\/revisions"}],"predecessor-version":[{"id":420,"href":"https:\/\/taxonxx.usal.es\/en\/wp-json\/wp\/v2\/pages\/105\/revisions\/420"}],"wp:attachment":[{"href":"https:\/\/taxonxx.usal.es\/en\/wp-json\/wp\/v2\/media?parent=105"}],"curies":[{"name":"wp","href":"https:\/\/api.w.org\/{rel}","templated":true}]}}